{"id":419,"date":"2026-03-06T19:28:26","date_gmt":"2026-03-06T19:28:26","guid":{"rendered":"https:\/\/msla.moore-global.com\/?page_id=419"},"modified":"2026-04-21T13:39:55","modified_gmt":"2026-04-21T13:39:55","slug":"publicaciones","status":"publish","type":"page","link":"https:\/\/msla.moore-global.com\/pt\/publicaciones\/","title":{"rendered":"Publica\u00e7\u00f5es"},"content":{"rendered":"<style id=\"strategiq-hero-style\">@media (min-width: 992px){.block-hero{margin-left:83px}}.block-hero .position-relative:has(.hero__svg){overflow:hidden}.block-hero .hero__svg{z-index:1;-webkit-transform:translateX(100%);transform:translateX(100%);opacity:0;-webkit-animation:heroSvgFadeIn 1s ease-out forwards;animation:heroSvgFadeIn 1s ease-out forwards;-webkit-animation-delay:0.3s;animation-delay:0.3s}.block-hero .hero__svg-left{position:absolute;left:0;top:0;height:100%;-webkit-transform:translateX(100%);transform:translateX(100%);opacity:0;-webkit-animation:heroSvgFadeInReverse 2s cubic-bezier(0.25, 0.1, 0.05, 1) forwards;animation:heroSvgFadeInReverse 2s cubic-bezier(0.25, 0.1, 0.05, 1) forwards;-webkit-animation-delay:0.3s;animation-delay:0.3s}.block-hero .hero__svg-right{position:absolute;right:0;top:0;height:100%;-webkit-transform:translateX(-100%);transform:translateX(-100%);opacity:0;-webkit-animation:heroSvgFadeIn 2s cubic-bezier(0.25, 0.1, 0.05, 1) forwards;animation:heroSvgFadeIn 2s cubic-bezier(0.25, 0.1, 0.05, 1) forwards;-webkit-animation-delay:1s;animation-delay:1s}@-webkit-keyframes heroSvgFadeIn{0%{opacity:0;-webkit-transform:translateX(100%);transform:translateX(100%)}100%{opacity:1;-webkit-transform:translateX(0);transform:translateX(0)}}@keyframes heroSvgFadeIn{0%{opacity:0;-webkit-transform:translateX(100%);transform:translateX(100%)}100%{opacity:1;-webkit-transform:translateX(0);transform:translateX(0)}}@-webkit-keyframes heroSvgFadeInReverse{0%{opacity:0;-webkit-transform:translateX(-100%);transform:translateX(-100%)}100%{opacity:1;-webkit-transform:translateX(0);transform:translateX(0)}}@keyframes heroSvgFadeInReverse{0%{opacity:0;-webkit-transform:translateX(-100%);transform:translateX(-100%)}100%{opacity:1;-webkit-transform:translateX(0);transform:translateX(0)}}.block-hero--large{margin-left:0}.block-hero--large .hero{background:transparent}.block-hero--large.has-secondary-background-color .hero__content-wrapper{background-color:#5C0696}.block-hero--large.has-primary-background-color .hero__content-wrapper{background-color:#02212E}.block-hero--large.has-prussian-blue-background-color{background-color:transparent !important}.block-hero--large.has-prussian-blue-background-color .hero__content-wrapper{background:#004C6C}.block-hero--large.has-primary-gradient-gradient-background{background:transparent !important}.block-hero--large.has-primary-gradient-gradient-background .hero__content-wrapper{background:var(--primary-gradient)}.block-hero--large.has-secondary-gradient-gradient-background{background:transparent !important}.block-hero--large.has-secondary-gradient-gradient-background .hero__content-wrapper{background:var(--secondary-gradient)}.block-hero--large.has-tertiary-gradient-gradient-background{background:transparent !important}.block-hero--large.has-tertiary-gradient-gradient-background .hero__content-wrapper{background:var(--tertiary-gradient)}@media (min-width: 992px){.block-hero--heading-above-image{border-left:1px solid #D9D9D9;margin-right:83px}}.block-hero--heading-above-image .hero{min-height:410px}@media (min-width: 768px){.block-hero--heading-above-image .hero{min-height:570px}}.block-hero--heading-above-image .hero--call-to-action{-webkit-box-pack:end;-ms-flex-pack:end;justify-content:flex-end}@media (min-width: 992px){.block-hero--heading-above-image .hero--call-to-action{padding-right:0}}.block-hero.has-secondary-background-color{background-color:transparent !important}.block-hero.has-secondary-background-color .hero{background:#5C0696}.block-hero.has-white-background-color .hero{background:#fff}.block-hero.has-white-background-color .hero__title,.block-hero.has-white-background-color .hero__content p{color:#000}.block-hero.has-light-blue-background-color .hero{background:#eaf7fe}.block-hero.has-light-blue-background-color .hero__title,.block-hero.has-light-blue-background-color .hero__content p{color:#000}.block-hero.has-primary-background-color .hero{background:#02212E}.block-hero.has-prussian-blue-background-color{background-color:transparent !important}.block-hero.has-prussian-blue-background-color .hero{background:#004C6C}.block-hero.has-primary-gradient-gradient-background{background:transparent !important}.block-hero.has-primary-gradient-gradient-background .hero{background:var(--primary-gradient)}.block-hero.has-secondary-gradient-gradient-background{background:transparent !important}.block-hero.has-secondary-gradient-gradient-background .hero{background:var(--secondary-gradient)}.block-hero.has-tertiary-gradient-gradient-background{background:transparent !important}.block-hero.has-tertiary-gradient-gradient-background .hero{background:var(--tertiary-gradient)}\n\n\/*# sourceMappingURL=block-hero.css.map *\/\n<\/style>\n<section class=\"wp-block-strategiq block-hero block-hero block-hero--heading-above-image wp-block-strategiq-hero\">\n\t\n\t<div class=\"hero__heading-above-image\">\n\t\t<div class=\"row align-items-start\">\n\t\t\t<div class=\"col-12 col-lg-5 offset-lg-1\">\n\t\t\t\t<h1 class='hero__heading-above-image-title'>Publica\u00e7\u00f5es<\/h1>\t\t\t<\/div>\n\t\t\t<div class=\"col-12 col-lg-5 offset-lg-1\">\n\t\t\t\t<div class=\"hero__heading-above-image-content\">\n\t\t\t\t\t<p><\/p>\n\t\t\t\t<\/div>\n\t\t\t<\/div>\n\t\t<\/div>\n\t<\/div>\n\n<div class=\"hero\">\n\t\n\t<div class=\"container-fluid\">\n\t\t<div class=\"row\">\n\t\t\t<div class=\"col-12  p-0\">\n\t\t\t\t\t\t\t\t\t\t\t\t\t\t\t\n\t\t\t\t\t\t\t\t\t\t\t\t\t\t\t<img decoding=\"async\" class=\"hero__svg-left\" src=\"https:\/\/msla.moore-global.com\/wp-content\/themes\/moore-global\/assets\/images\/hero-default-left.svg\" alt=\"Hero Image\">\n\n\t\t\t\t\t\t\t\t<img decoding=\"async\" class=\"hero__svg-right\" src=\"https:\/\/msla.moore-global.com\/wp-content\/themes\/moore-global\/assets\/images\/hero-default-right.svg\" alt=\"Hero Image\">\n\t\t\t\t\t\t\t\n\t\t\t\t\t\t\t\t\t\t\t\t\t\t\t\n\t\t\t\t\n\t\t\t\t\n\t\t\t<\/div>\n\n\t\t\t\t\t<\/div>\n\t<\/div>\n\n\t<\/div>\n<\/section>\n\n\n\n<p><\/p>\n\n\n\n<p><a href=\"https:\/\/msla.moore-global.com\/wp-content\/uploads\/sites\/19\/2026\/03\/Reporte-marzo.pdf\">Perspectivas Sectoriales: Proyecciones De Crecimiento y Transformaci\u00f3n Estrat\u00e9gica<\/a><\/p>\n\n\n\n<p><a href=\"https:\/\/msla.moore-global.com\/wp-content\/uploads\/sites\/19\/2026\/03\/Reporte-febrero.pdf\" id=\"https:\/\/msla.moore-global.com\/wp-content\/uploads\/sites\/19\/2026\/03\/Reporte-febrero.pdf\">Perspectivas de la industria energ\u00e9tica en Latam.<\/a><\/p>\n\n\n\n<p><a href=\"https:\/\/msla.moore-global.com\/wp-content\/uploads\/sites\/19\/2026\/03\/Reporte-ENERO-LATAM.pdf\" id=\"https:\/\/msla.moore-global.com\/wp-content\/uploads\/sites\/19\/2026\/03\/Reporte-ENERO-LATAM.pdf\">Tendencias clave 2026.<\/a><\/p>\n\n\n\n<p><a href=\"https:\/\/msla.moore-global.com\/wp-content\/uploads\/sites\/19\/2026\/03\/Reporte-Diciembre-LATAM.pdf\" id=\"https:\/\/msla.moore-global.com\/wp-content\/uploads\/sites\/19\/2026\/03\/Reporte-Diciembre-LATAM.pdf\">Perspectivas sectoriales para 2026.<\/a><\/p>\n\n\n\n<p><a href=\"https:\/\/msla.moore-global.com\/wp-content\/uploads\/sites\/19\/2026\/03\/Reporte-Noviembre-LATAM.pdf\">Balance 2025: Desaf\u00edos contables y regulatorios en Latam<\/a>.<\/p>\n\n\n\n<p><a href=\"https:\/\/msla.moore-global.com\/wp-content\/uploads\/sites\/19\/2026\/03\/Reporte-Octubre-LATAM.pdf\" id=\"https:\/\/msla.moore-global.com\/wp-content\/uploads\/sites\/19\/2026\/03\/Reporte-Octubre-LATAM.pdf\">Precios de Transferencia en Latam.<\/a><\/p>\n\n\n\n<p><a href=\"https:\/\/msla.moore-global.com\/wp-content\/uploads\/sites\/19\/2026\/03\/Reporte-septiembre-LATAM.pdf\">Centroam\u00e9rica como hub regional.<\/a><\/p>\n\n\n\n<p><a href=\"https:\/\/msla.moore-global.com\/wp-content\/uploads\/sites\/19\/2026\/03\/Reporte-agosto-LATAM_compressed-1.pdf\" id=\"https:\/\/msla.moore-global.com\/wp-content\/uploads\/sites\/19\/2026\/03\/Reporte-agosto-LATAM_compressed-1.pdf\">Cambios fiscales previstos en Am\u00e9rica Latina para 2026.<\/a><\/p>\n\n\n\n<p><\/p>","protected":false},"excerpt":{"rendered":"<p>Perspectivas Sectoriales: Proyecciones De Crecimiento y Transformaci\u00f3n Estrat\u00e9gica Perspectivas de la industria energ\u00e9tica en Latam. Tendencias clave 2026. Perspectivas sectoriales para 2026. Balance 2025: Desaf\u00edos contables y regulatorios en Latam. Precios de Transferencia en Latam. Centroam\u00e9rica como hub regional. Cambios fiscales previstos en Am\u00e9rica Latina para 2026.<\/p>","protected":false},"author":43,"featured_media":0,"parent":0,"menu_order":0,"comment_status":"closed","ping_status":"closed","template":"","meta":{"_acf_changed":true,"footnotes":""},"class_list":["post-419","page","type-page","status-publish","hentry"],"acf":[],"yoast_head":"<!-- This site is optimized with the Yoast SEO plugin v27.2 - https:\/\/yoast.com\/product\/yoast-seo-wordpress\/ -->\n<title>Publicaciones - Moore Latam<\/title>\n<meta name=\"robots\" content=\"noindex, follow, max-snippet:-1, max-image-preview:large, max-video-preview:-1\" \/>\n<meta property=\"og:locale\" content=\"pt_BR\" \/>\n<meta property=\"og:type\" content=\"article\" \/>\n<meta property=\"og:title\" content=\"Publicaciones - Moore Latam\" \/>\n<meta property=\"og:description\" content=\"Perspectivas Sectoriales: Proyecciones De Crecimiento y Transformaci\u00f3n Estrat\u00e9gica Perspectivas de la industria energ\u00e9tica en Latam. Tendencias clave 2026. Perspectivas sectoriales para 2026. Balance 2025: Desaf\u00edos contables y regulatorios en Latam. Precios de Transferencia en Latam. Centroam\u00e9rica como hub regional. Cambios fiscales previstos en Am\u00e9rica Latina para 2026.\" \/>\n<meta property=\"og:url\" content=\"https:\/\/msla.moore-global.com\/pt\/publicaciones\/\" \/>\n<meta property=\"og:site_name\" content=\"Moore Latam\" \/>\n<meta property=\"article:modified_time\" content=\"2026-04-21T13:39:55+00:00\" \/>\n<meta name=\"twitter:card\" content=\"summary_large_image\" \/>\n<meta name=\"twitter:label1\" content=\"Est. reading time\" \/>\n\t<meta name=\"twitter:data1\" content=\"1 minuto\" \/>\n<script type=\"application\/ld+json\" class=\"yoast-schema-graph\">{\"@context\":\"https:\/\/schema.org\",\"@graph\":[{\"@type\":\"WebPage\",\"@id\":\"https:\/\/msla.moore-global.com\/publicaciones\/\",\"url\":\"https:\/\/msla.moore-global.com\/publicaciones\/\",\"name\":\"Publicaciones - Moore Latam\",\"isPartOf\":{\"@id\":\"https:\/\/msla.moore-global.com\/#website\"},\"datePublished\":\"2026-03-06T19:28:26+00:00\",\"dateModified\":\"2026-04-21T13:39:55+00:00\",\"breadcrumb\":{\"@id\":\"https:\/\/msla.moore-global.com\/publicaciones\/#breadcrumb\"},\"inLanguage\":\"pt-BR\",\"potentialAction\":[{\"@type\":\"ReadAction\",\"target\":[\"https:\/\/msla.moore-global.com\/publicaciones\/\"]}]},{\"@type\":\"BreadcrumbList\",\"@id\":\"https:\/\/msla.moore-global.com\/publicaciones\/#breadcrumb\",\"itemListElement\":[{\"@type\":\"ListItem\",\"position\":1,\"name\":\"Home\",\"item\":\"https:\/\/msla.moore-global.com\/\"},{\"@type\":\"ListItem\",\"position\":2,\"name\":\"Publicaciones\"}]},{\"@type\":\"WebSite\",\"@id\":\"https:\/\/msla.moore-global.com\/#website\",\"url\":\"https:\/\/msla.moore-global.com\/\",\"name\":\"Moore Latam\",\"description\":\"This is the base site for Moore Global\",\"potentialAction\":[{\"@type\":\"SearchAction\",\"target\":{\"@type\":\"EntryPoint\",\"urlTemplate\":\"https:\/\/msla.moore-global.com\/?s={search_term_string}\"},\"query-input\":{\"@type\":\"PropertyValueSpecification\",\"valueRequired\":true,\"valueName\":\"search_term_string\"}}],\"inLanguage\":\"pt-BR\"}]}<\/script>\n<!-- \/ Yoast SEO plugin. -->","yoast_head_json":{"title":"Publicaciones - Moore Latam","robots":{"index":"noindex","follow":"follow","max-snippet":"max-snippet:-1","max-image-preview":"max-image-preview:large","max-video-preview":"max-video-preview:-1"},"og_locale":"pt_BR","og_type":"article","og_title":"Publicaciones - Moore Latam","og_description":"Perspectivas Sectoriales: Proyecciones De Crecimiento y Transformaci\u00f3n Estrat\u00e9gica Perspectivas de la industria energ\u00e9tica en Latam. Tendencias clave 2026. Perspectivas sectoriales para 2026. Balance 2025: Desaf\u00edos contables y regulatorios en Latam. Precios de Transferencia en Latam. Centroam\u00e9rica como hub regional. Cambios fiscales previstos en Am\u00e9rica Latina para 2026.","og_url":"https:\/\/msla.moore-global.com\/pt\/publicaciones\/","og_site_name":"Moore Latam","article_modified_time":"2026-04-21T13:39:55+00:00","twitter_card":"summary_large_image","twitter_misc":{"Est. reading time":"1 minuto"},"schema":{"@context":"https:\/\/schema.org","@graph":[{"@type":"WebPage","@id":"https:\/\/msla.moore-global.com\/publicaciones\/","url":"https:\/\/msla.moore-global.com\/publicaciones\/","name":"Publicaciones - Moore Latam","isPartOf":{"@id":"https:\/\/msla.moore-global.com\/#website"},"datePublished":"2026-03-06T19:28:26+00:00","dateModified":"2026-04-21T13:39:55+00:00","breadcrumb":{"@id":"https:\/\/msla.moore-global.com\/publicaciones\/#breadcrumb"},"inLanguage":"pt-BR","potentialAction":[{"@type":"ReadAction","target":["https:\/\/msla.moore-global.com\/publicaciones\/"]}]},{"@type":"BreadcrumbList","@id":"https:\/\/msla.moore-global.com\/publicaciones\/#breadcrumb","itemListElement":[{"@type":"ListItem","position":1,"name":"Home","item":"https:\/\/msla.moore-global.com\/"},{"@type":"ListItem","position":2,"name":"Publicaciones"}]},{"@type":"WebSite","@id":"https:\/\/msla.moore-global.com\/#website","url":"https:\/\/msla.moore-global.com\/","name":"Moore Latam","description":"This is the base site for Moore Global","potentialAction":[{"@type":"SearchAction","target":{"@type":"EntryPoint","urlTemplate":"https:\/\/msla.moore-global.com\/?s={search_term_string}"},"query-input":{"@type":"PropertyValueSpecification","valueRequired":true,"valueName":"search_term_string"}}],"inLanguage":"pt-BR"}]}},"_links":{"self":[{"href":"https:\/\/msla.moore-global.com\/pt\/wp-json\/wp\/v2\/pages\/419","targetHints":{"allow":["GET"]}}],"collection":[{"href":"https:\/\/msla.moore-global.com\/pt\/wp-json\/wp\/v2\/pages"}],"about":[{"href":"https:\/\/msla.moore-global.com\/pt\/wp-json\/wp\/v2\/types\/page"}],"author":[{"embeddable":true,"href":"https:\/\/msla.moore-global.com\/pt\/wp-json\/wp\/v2\/users\/43"}],"replies":[{"embeddable":true,"href":"https:\/\/msla.moore-global.com\/pt\/wp-json\/wp\/v2\/comments?post=419"}],"version-history":[{"count":0,"href":"https:\/\/msla.moore-global.com\/pt\/wp-json\/wp\/v2\/pages\/419\/revisions"}],"wp:attachment":[{"href":"https:\/\/msla.moore-global.com\/pt\/wp-json\/wp\/v2\/media?parent=419"}],"curies":[{"name":"wp","href":"https:\/\/api.w.org\/{rel}","templated":true}]}}