{"id":233,"date":"2025-12-18T22:31:56","date_gmt":"2025-12-18T22:31:56","guid":{"rendered":"https:\/\/msla-moore.us.moore-global.com\/?page_id=233"},"modified":"2025-12-19T00:07:24","modified_gmt":"2025-12-19T00:07:24","slug":"join-us","status":"publish","type":"page","link":"https:\/\/msla.moore-global.com\/en\/join-us\/","title":{"rendered":"Join Us"},"content":{"rendered":"<style id=\"strategiq-cta-bar-style\">.block-cta-bar{position:relative;padding:1rem 0 1.75rem 0;overflow:visible;z-index:1;margin-top:26px}.block-cta-bar:not(.has-background){background:var(--primary-gradient)}.block-cta-bar.has-light-blue-background-color .block-cta-bar__heading{color:#000}.block-cta-bar.has-light-blue-background-color .btn{color:#02212E}.block-cta-bar.has-light-blue-background-color .btn.btn--hollow{border-color:#02212E}.block-cta-bar.has-light-blue-background-color .btn.btn--solid{background-color:#02212E;border-color:#02212E;color:#fff}.block-cta-bar.has-light-blue-background-color .btn.btn--solid:hover{background-color:#04445f}.block-cta-bar.has-light-blue-gradient-gradient-background:before{display:none}.block-cta-bar.has-light-blue-gradient-gradient-background .block-cta-bar__heading{color:#02212E}@media (min-width: 992px){.block-cta-bar{padding:2rem 0}}.block-cta-bar:before{content:'';width:100%;height:100%;position:absolute;background:inherit;z-index:-1;top:0;-webkit-transform-origin:left top;transform-origin:left top;-webkit-transform:skewY(-0.8deg);transform:skewY(-0.8deg)}.block-cta-bar__heading-wrapper{display:-webkit-box;display:-ms-flexbox;display:flex;-webkit-box-align:center;-ms-flex-align:center;align-items:center;-webkit-box-pack:center;-ms-flex-pack:center;justify-content:center;margin:1rem 0}@media (min-width: 992px){.block-cta-bar__heading-wrapper{-webkit-box-pack:start;-ms-flex-pack:start;justify-content:flex-start;margin:0;height:100%}}.block-cta-bar .block-cta-bar__heading{font-size:24px;font-weight:500;color:#fff;margin-bottom:0}@media only screen and (min-width: 320px){.block-cta-bar .block-cta-bar__heading{font-size:calc(24px + 8 * (100vw - 320px) \/ (1440 - 320))}}@media only screen and (min-width: 1440px){.block-cta-bar .block-cta-bar__heading{font-size:32px}}.block-cta-bar:not(.has-light-blue-gradient-gradient-background) .btn--hollow{border-color:#fff;color:#fff;overflow:visible}.block-cta-bar:not(.has-light-blue-gradient-gradient-background) .btn--hollow:focus{color:#fff}.block-cta-bar:not(.has-light-blue-gradient-gradient-background) .btn--hollow:before{display:none}.block-cta-bar__button-wrapper{display:-webkit-box;display:-ms-flexbox;display:flex;gap:1.5rem;margin-top:10px;-webkit-box-pack:center;-ms-flex-pack:center;justify-content:center}@media (min-width: 992px){.block-cta-bar__button-wrapper{margin-top:0;-webkit-box-align:center;-ms-flex-align:center;align-items:center;-webkit-box-pack:end;-ms-flex-pack:end;justify-content:flex-end}}.block-cta-bar__button-wrapper .btn{width:100%;display:inline-block;text-align:center;font-size:18px}@media (min-width: 768px){.block-cta-bar__button-wrapper .btn{width:auto}}\n\n\/*# sourceMappingURL=block-cta-bar.css.map *\/\n<\/style>\n<section class=\"wp-block-strategiq block-cta-bar wp-block-strategiq-cta-bar\">\n\t<div class=\"container\">\n\t\t<div class=\"block-cta-bar__wrapper\">\n\t\t\t<div class=\"row\">\n\t\t\t\t<div class=\"col-12 col-lg-9\">\n\t\t\t\t\t\t\t\t\t\t\t<div class=\"block-cta-bar__heading-wrapper\">\n\t\t\t\t\t\t\t\t\t\t\t\t\t\t<h1 class=\"block-cta-bar__heading\">Join Moore<\/h1>\n\t\t\t\t\t\t<\/div>\n\t\t\t\t\t\t\t\t\t<\/div>\n\t\t\t\t<div class=\"col-12 col-lg-3\">\n\t\t\t\t\t\t\t\t\t\t\t<div class=\"block-cta-bar__button-wrapper\">\n\t\t\t\t\t\t\t\t\t\t\t\t\t\t\t\t\t\t\t\t<\/div>\n\t\t\t\t\t\t\t\t\t<\/div>\n\t\t\t<\/div>\n\t\t<\/div>\n\t<\/div>\n<\/section>\n\n\n<style id=\"strategiq-two-column-style\">.block-two-column{padding:40px 0 20px}.single-firm .block-two-column{padding-bottom:1.875rem}@media (min-width: 768px){.block-two-column{padding:0}}@media (min-width: 768px){.block-two-column .content-offset-right{padding-right:0}}@media (min-width: 992px){.block-two-column .content-offset-right{padding-right:calc(8.33333% + 24px)}}.block-two-column img{width:100%}.block-two-column__content{color:var(--text-color)}.block-two-column__content p:last-of-type{margin-bottom:0}.block-two-column__list-content{margin-bottom:2.5rem}.block-two-column__list-heading{margin-bottom:8px;font-size:20px;font-weight:500}.block-two-column__list li p:last-of-type{margin-bottom:0}.block-two-column__list ul:first-of-type,.block-two-column__list ol:first-of-type{margin-top:0}.block-two-column__list ul:first-of-type li:first-of-type,.block-two-column__list ol:first-of-type li:first-of-type{margin-top:0}.block-two-column__list>p+ul:first-of-type,.block-two-column__list>p+ol:first-of-type{margin-top:1rem}.block-two-column__list>p+ul:first-of-type li:first-of-type,.block-two-column__list>p+ol:first-of-type li:first-of-type{margin-top:24px}.block-two-column__content.position-sticky,.block-two-column__list.position-sticky,.block-two-column__image-container.position-sticky{top:calc(var(--site-header-height) + 1rem)}.block-two-column__content,.block-two-column__image,.block-two-column__list{padding:12px 0}@media (min-width: 768px){.block-two-column__content,.block-two-column__image,.block-two-column__list{padding:2.5rem 1rem}}@media (min-width: 992px){.block-two-column__content,.block-two-column__image,.block-two-column__list{padding:5rem 0 3.75rem 0}}\n\n\/*# sourceMappingURL=block-two-column.css.map *\/\n<\/style>\n<section class=\"wp-block-strategiq block-two-column wp-block-strategiq-two-column\">\n\t<div class=\"container\">\n\t\t\t\t<div class=\"row align-items-start\">\n\t\t\t\t\t\t\t<div class=\"col-12 col-md-6 col-lg-5 offset-lg-1\">\n\t\t\t\t\t\t\t\t\t\t\t<div class=\"block-two-column__content content-container\">\n\t\t\t\t\t\t\t\t\t\t\t\t\t\t\t<p><strong>\u00bfTienes lo necesario para ser una firma miembro de Moore Global?<\/strong><\/p>\n<p>Si compartes nuestros objetivos y valores \u00bfpor qu\u00e9 no considerar unirse a nuestra red?<\/p>\n<p>Moore Global\u00a0utiliza criterios de selecci\u00f3n basados en el control de calidad, experiencia y par\u00e1metros de servicios profesionales a trav\u00e9s de un rango de disciplinas.<br \/>\nSi puedes cumplir con estos requisitos entonces podemos brindarte una serie de beneficios que solo una red mundial integral puede ofrecer.<\/p>\n<p>Si quieres saber m\u00e1s al respecto, por favor proporci\u00f3nanos cierta informaci\u00f3n b\u00e1sica respecto de tu empresa &#8211; \u00a0<a href=\"https:\/\/www.moore-global.com\/join-moore\/apply-here\/\">candidate firm form<\/a><\/p>\n\t\t\t\t\t\t\t\t\t\t\t\t\t<\/div>\n\t\t\t\t\t\t\t\t\t<\/div>\n\t\t\t\t\t\t\t<div class=\"col-12 col-md-6 col-lg-5 offset-lg-1\">\n\t\t\t\t\t\t\t\t\t\t\t<div class=\"block-two-column__image-container\">\n\t\t\t\t\t\t\t<picture class=\"block-two-column__image\"><source media=\"(min-width: 0px)\" loading=\"lazy\" srcset=\"https:\/\/msla.moore-global.com\/wp-content\/uploads\/sites\/19\/bis-images\/234\/7b216151-9d97-478f-a944-d9761c281e40-590x395-f50_50.jpg 1.000x,https:\/\/msla.moore-global.com\/wp-content\/uploads\/sites\/19\/bis-images\/234\/7b216151-9d97-478f-a944-d9761c281e40-1600x1071-f50_50.jpg 2.712x\"><img decoding=\"async\" loading=\"lazy\" src=\"https:\/\/msla.moore-global.com\/wp-content\/uploads\/sites\/19\/bis-images\/234\/7b216151-9d97-478f-a944-d9761c281e40-590x395-f50_50.jpg\" srcset=\"https:\/\/msla.moore-global.com\/wp-content\/uploads\/sites\/19\/bis-images\/234\/7b216151-9d97-478f-a944-d9761c281e40-590x395-f50_50.jpg 1.000x,https:\/\/msla.moore-global.com\/wp-content\/uploads\/sites\/19\/bis-images\/234\/7b216151-9d97-478f-a944-d9761c281e40-1600x1071-f50_50.jpg 2.712x\" alt=\"Join Us\" width=\"590\" height=\"395\" class=\"\"><\/picture>\t\t\t\t\t\t<\/div>\n\t\t\t\t\t\t\t\t\t<\/div>\n\t\t\t\t\t<\/div>\n\t<\/div>\n<\/section>\n\n\n<section class=\"wp-block-strategiq block-two-column wp-block-strategiq-two-column\">\n\t<div class=\"container\">\n\t\t\t\t<div class=\"row align-items-start\">\n\t\t\t\t\t\t\t<div class=\"col-12 col-md-6 col-lg-5 offset-lg-1\">\n\t\t\t\t\t\t\t\t\t\t\t<div class=\"block-two-column__content content-container\">\n\t\t\t\t\t\t\t\t\t\t\t\t\t\t\t<h4 class=\"\">Beneficios de ser miembro<\/h4>\n<div class=\"ms-wysiwyg\">Pertenecer a\u00a0<strong>Moore Global Latin America<\/strong>\u00a0otorga ciertos privilegios a sus Firmas miembros y corresponsales, entre los cuales podemos enumerar los siguientes:<\/p>\n<ul>\n<li>Formar parte de una Red internacional de auditores, contadores y consultores de gran tradici\u00f3n y prestigio, aceptada por el Forum de Firmas, y ubicada entre las 10 mejores del mundo<\/li>\n<li>Usar la marca Moore Global\u00a0(siendo miembro de la red)<\/li>\n<li>Valores comunes, independencia, accesibilidad, eficiencia, integridad, respeto, transparencia,<\/li>\n<li>Compromiso colectivo a alta calidad y \u00e9tica profesional<\/li>\n<li>Acceso a expertise global en una variada gama de servicios y sectores de negocios<\/li>\n<li>Acceso a la Intranet de Moore Globa para facilitar el intercambio de informaci\u00f3n y recursos<\/li>\n<li>Acceso inmediato a actualizaciones t\u00e9cnicas<\/li>\n<li>Recibir la Metodolog\u00eda de auditor\u00eda y otras especialidades aprobadas, las cuales son actualizadas peri\u00f3dicamente<\/li>\n<li>Recibir el manual de calidad y administraci\u00f3n de riesgos de Moore Latin America<\/li>\n<li>Una red de referencias de clientes con oportunidades directas de generar incremento en ventas<\/li>\n<\/ul>\n<\/div>\n\t\t\t\t\t\t\t\t\t\t\t\t\t<\/div>\n\t\t\t\t\t\t\t\t\t<\/div>\n\t\t\t\t\t\t\t<div class=\"col-12 col-md-6 col-lg-5 offset-lg-1\">\n\t\t\t\t\t\t\t\t\t\t\t<div class=\"block-two-column__content content-container\">\n\t\t\t\t\t\t\t\t\t\t\t\t\t\t\t<ul>\n<li>Participar en Trabajos multilocales<\/li>\n<li>Recibir apoyo y material de marketing institucional<\/li>\n<li>Acceso a Entrenamientos regionales, internacionales y E-Learning<\/li>\n<li>Oportunidad de participar en conferencias regionales e internacionales, grupos de trabajo y grupos de intereses espec\u00edficos regionales e internacionales<\/li>\n<li>Posibilidad de implementar intercambios temporales de personal con otras Firmas de la Red (Secondment)<\/li>\n<li>Econom\u00eda de escala en Compras de bienes y servicios en forma mancomunada<\/li>\n<li>Acceso a Softwares de auditor\u00eda, control de horas y otras especialidades, pre-aprobados por los respectivos Comit\u00e9s T\u00e9cnicos<\/li>\n<li>Recibir y publicar en Newsletter regionales e internacionales<\/li>\n<li>Exposici\u00f3n global: presencia en el directorio internacional de Moore Latin America, distribuido 2 veces al a\u00f1o<\/li>\n<li>Acceso a una base de datos internacional para la comprobaci\u00f3n de independencia profesional<\/li>\n<\/ul>\n\t\t\t\t\t\t\t\t\t\t\t\t\t<\/div>\n\t\t\t\t\t\t\t\t\t<\/div>\n\t\t\t\t\t<\/div>\n\t<\/div>\n<\/section>","protected":false},"excerpt":{"rendered":"","protected":false},"author":43,"featured_media":0,"parent":0,"menu_order":0,"comment_status":"closed","ping_status":"closed","template":"","meta":{"_acf_changed":true,"footnotes":""},"class_list":["post-233","page","type-page","status-publish","hentry"],"acf":[],"yoast_head":"<!-- This site is optimized with the Yoast SEO plugin v27.2 - https:\/\/yoast.com\/product\/yoast-seo-wordpress\/ -->\n<title>Join Us - Moore Latam<\/title>\n<meta name=\"robots\" content=\"noindex, follow, max-snippet:-1, max-image-preview:large, max-video-preview:-1\" \/>\n<meta property=\"og:locale\" content=\"en_US\" \/>\n<meta property=\"og:type\" content=\"article\" \/>\n<meta property=\"og:title\" content=\"Join Us - Moore Latam\" \/>\n<meta property=\"og:url\" content=\"https:\/\/msla.moore-global.com\/en\/join-us\/\" \/>\n<meta property=\"og:site_name\" content=\"Moore Latam\" \/>\n<meta property=\"article:modified_time\" content=\"2025-12-19T00:07:24+00:00\" \/>\n<meta name=\"twitter:card\" content=\"summary_large_image\" \/>\n<script type=\"application\/ld+json\" class=\"yoast-schema-graph\">{\"@context\":\"https:\/\/schema.org\",\"@graph\":[{\"@type\":\"WebPage\",\"@id\":\"https:\/\/msla.moore-global.com\/join-us\/\",\"url\":\"https:\/\/msla.moore-global.com\/join-us\/\",\"name\":\"Join Us - Moore Latam\",\"isPartOf\":{\"@id\":\"https:\/\/msla.moore-global.com\/#website\"},\"datePublished\":\"2025-12-18T22:31:56+00:00\",\"dateModified\":\"2025-12-19T00:07:24+00:00\",\"breadcrumb\":{\"@id\":\"https:\/\/msla.moore-global.com\/join-us\/#breadcrumb\"},\"inLanguage\":\"en-US\",\"potentialAction\":[{\"@type\":\"ReadAction\",\"target\":[\"https:\/\/msla.moore-global.com\/join-us\/\"]}]},{\"@type\":\"BreadcrumbList\",\"@id\":\"https:\/\/msla.moore-global.com\/join-us\/#breadcrumb\",\"itemListElement\":[{\"@type\":\"ListItem\",\"position\":1,\"name\":\"Home\",\"item\":\"https:\/\/msla.moore-global.com\/\"},{\"@type\":\"ListItem\",\"position\":2,\"name\":\"Join Us\"}]},{\"@type\":\"WebSite\",\"@id\":\"https:\/\/msla.moore-global.com\/#website\",\"url\":\"https:\/\/msla.moore-global.com\/\",\"name\":\"Moore Latam\",\"description\":\"This is the base site for Moore Global\",\"potentialAction\":[{\"@type\":\"SearchAction\",\"target\":{\"@type\":\"EntryPoint\",\"urlTemplate\":\"https:\/\/msla.moore-global.com\/?s={search_term_string}\"},\"query-input\":{\"@type\":\"PropertyValueSpecification\",\"valueRequired\":true,\"valueName\":\"search_term_string\"}}],\"inLanguage\":\"en-US\"}]}<\/script>\n<!-- \/ Yoast SEO plugin. -->","yoast_head_json":{"title":"Join Us - Moore Latam","robots":{"index":"noindex","follow":"follow","max-snippet":"max-snippet:-1","max-image-preview":"max-image-preview:large","max-video-preview":"max-video-preview:-1"},"og_locale":"en_US","og_type":"article","og_title":"Join Us - Moore Latam","og_url":"https:\/\/msla.moore-global.com\/en\/join-us\/","og_site_name":"Moore Latam","article_modified_time":"2025-12-19T00:07:24+00:00","twitter_card":"summary_large_image","schema":{"@context":"https:\/\/schema.org","@graph":[{"@type":"WebPage","@id":"https:\/\/msla.moore-global.com\/join-us\/","url":"https:\/\/msla.moore-global.com\/join-us\/","name":"Join Us - Moore Latam","isPartOf":{"@id":"https:\/\/msla.moore-global.com\/#website"},"datePublished":"2025-12-18T22:31:56+00:00","dateModified":"2025-12-19T00:07:24+00:00","breadcrumb":{"@id":"https:\/\/msla.moore-global.com\/join-us\/#breadcrumb"},"inLanguage":"en-US","potentialAction":[{"@type":"ReadAction","target":["https:\/\/msla.moore-global.com\/join-us\/"]}]},{"@type":"BreadcrumbList","@id":"https:\/\/msla.moore-global.com\/join-us\/#breadcrumb","itemListElement":[{"@type":"ListItem","position":1,"name":"Home","item":"https:\/\/msla.moore-global.com\/"},{"@type":"ListItem","position":2,"name":"Join Us"}]},{"@type":"WebSite","@id":"https:\/\/msla.moore-global.com\/#website","url":"https:\/\/msla.moore-global.com\/","name":"Moore Latam","description":"This is the base site for Moore Global","potentialAction":[{"@type":"SearchAction","target":{"@type":"EntryPoint","urlTemplate":"https:\/\/msla.moore-global.com\/?s={search_term_string}"},"query-input":{"@type":"PropertyValueSpecification","valueRequired":true,"valueName":"search_term_string"}}],"inLanguage":"en-US"}]}},"_links":{"self":[{"href":"https:\/\/msla.moore-global.com\/en\/wp-json\/wp\/v2\/pages\/233","targetHints":{"allow":["GET"]}}],"collection":[{"href":"https:\/\/msla.moore-global.com\/en\/wp-json\/wp\/v2\/pages"}],"about":[{"href":"https:\/\/msla.moore-global.com\/en\/wp-json\/wp\/v2\/types\/page"}],"author":[{"embeddable":true,"href":"https:\/\/msla.moore-global.com\/en\/wp-json\/wp\/v2\/users\/43"}],"replies":[{"embeddable":true,"href":"https:\/\/msla.moore-global.com\/en\/wp-json\/wp\/v2\/comments?post=233"}],"version-history":[{"count":0,"href":"https:\/\/msla.moore-global.com\/en\/wp-json\/wp\/v2\/pages\/233\/revisions"}],"wp:attachment":[{"href":"https:\/\/msla.moore-global.com\/en\/wp-json\/wp\/v2\/media?parent=233"}],"curies":[{"name":"wp","href":"https:\/\/api.w.org\/{rel}","templated":true}]}}